{"id":770,"date":"2025-04-17T09:00:25","date_gmt":"2025-04-17T09:00:25","guid":{"rendered":"https:\/\/www.gastroworlds.pl\/o-nas\/"},"modified":"2025-05-10T09:29:15","modified_gmt":"2025-05-10T09:29:15","slug":"o-nas","status":"publish","type":"page","link":"https:\/\/www.gastroworlds.pl\/pl\/o-nas\/","title":{"rendered":"O nas"},"content":{"rendered":"<p>[et_pb_section fb_built=&#8221;1&#8243; admin_label=&#8221;Header&#8221; _builder_version=&#8221;4.27.4&#8243; _module_preset=&#8221;default&#8221; background_enable_color=&#8221;off&#8221; use_background_color_gradient=&#8221;on&#8221; background_color_gradient_stops=&#8221;rgba(224,149,0,0.22) 53%|#ffffff 60%&#8221; background_color_gradient_overlays_image=&#8221;on&#8221; background_image=&#8221;https:\/\/www.gastroworlds.pl\/wp-content\/uploads\/2025\/04\/private-catering-services-1.jpg&#8221; background_position=&#8221;bottom_center&#8221; custom_margin=&#8221;||-1px||false|false&#8221; custom_padding=&#8221;||0px|||&#8221; collapsed=&#8221;on&#8221; global_colors_info=&#8221;{}&#8221;][et_pb_row column_structure=&#8221;1_2,1_2&#8243; _builder_version=&#8221;4.27.4&#8243; _module_preset=&#8221;default&#8221; background_color=&#8221;rgba(0,0,0,0.13)&#8221; custom_padding=&#8221;|10px||10px|false|true&#8221; global_colors_info=&#8221;{}&#8221;][et_pb_column type=&#8221;1_2&#8243; _builder_version=&#8221;4.19.2&#8243; _module_preset=&#8221;default&#8221; global_colors_info=&#8221;{}&#8221;][et_pb_text _builder_version=&#8221;4.27.4&#8243; _module_preset=&#8221;0df55d01-3848-46cf-a186-ff6a25bcc783&#8243; header_font=&#8221;||||||||&#8221; header_text_color=&#8221;#FFFFFF&#8221; custom_margin=&#8221;||10px||false|false&#8221; global_colors_info=&#8221;{}&#8221;]<\/p>\n<h1>O nas<\/h1>\n<p>[\/et_pb_text][et_pb_text _builder_version=&#8221;4.27.4&#8243; _module_preset=&#8221;b56e0c36-2a99-45a2-bb41-2ddd6ec0b9b2&#8243; text_text_color=&#8221;#FFFFFF&#8221; text_font_size=&#8221;17px&#8221; global_colors_info=&#8221;{}&#8221;]<\/p>\n<p style=\"text-align: justify;\"><span>Prze\u017cyj lunch, kolacj\u0119 lub \u015bniadanie jak nigdy dot\u0105d! Nasze klasyczne polskie us\u0142ugi cateringowe oferuj\u0105 aromatyczne posi\u0142ki, kt\u00f3re zachwyc\u0105 Twoje kubki smakowe. <\/span><\/p>\n<p>[\/et_pb_text][\/et_pb_column][et_pb_column type=&#8221;1_2&#8243; _builder_version=&#8221;4.19.2&#8243; _module_preset=&#8221;default&#8221; global_colors_info=&#8221;{}&#8221;][\/et_pb_column][\/et_pb_row][et_pb_row column_structure=&#8221;1_3,2_3&#8243; _builder_version=&#8221;4.19.2&#8243; _module_preset=&#8221;default&#8221; custom_padding=&#8221;||0px|||&#8221; global_colors_info=&#8221;{}&#8221;][et_pb_column type=&#8221;1_3&#8243; _builder_version=&#8221;4.19.2&#8243; _module_preset=&#8221;default&#8221; z_index=&#8221;10&#8243; global_colors_info=&#8221;{}&#8221;][et_pb_image src=&#8221;https:\/\/www.gastroworlds.pl\/wp-content\/uploads\/2025\/04\/330px-Swiecone-2006.jpg&#8221; title_text=&#8221;330px-Swiecone-2006&#8243; _builder_version=&#8221;4.27.4&#8243; _module_preset=&#8221;default&#8221; custom_margin=&#8221;|-8vw|||false|false&#8221; custom_margin_tablet=&#8221;|0vw|||false|false&#8221; custom_margin_phone=&#8221;|0vw|||false|false&#8221; custom_margin_last_edited=&#8221;on|tablet&#8221; global_colors_info=&#8221;{}&#8221;][\/et_pb_image][\/et_pb_column][et_pb_column type=&#8221;2_3&#8243; _builder_version=&#8221;4.19.2&#8243; _module_preset=&#8221;default&#8221; background_color=&#8221;gcid-fa957022-7f68-4c63-9382-2437a00591d9&#8243; vertical_offset=&#8221;-90px&#8221; vertical_offset_tablet=&#8221;0px&#8221; vertical_offset_phone=&#8221;0px&#8221; vertical_offset_last_edited=&#8221;on|desktop&#8221; custom_padding=&#8221;60px|60px|30px|8vw|false|false&#8221; custom_padding_tablet=&#8221;30px|30px|30px|30px|true|true&#8221; custom_padding_phone=&#8221;20px|20px|20px|20px|true|true&#8221; custom_padding_last_edited=&#8221;on|desktop&#8221; global_colors_info=&#8221;{%22gcid-fa957022-7f68-4c63-9382-2437a00591d9%22:%91%22background_color%22%93}&#8221;][et_pb_icon font_icon=&#8221;&#xf10d;||fa||900&#8243; icon_color=&#8221;#000000&#8243; icon_width=&#8221;40px&#8221; align=&#8221;left&#8221; _builder_version=&#8221;4.19.2&#8243; _module_preset=&#8221;default&#8221; global_colors_info=&#8221;{}&#8221;][\/et_pb_icon][et_pb_slider show_arrows=&#8221;off&#8221; arrows_custom_color=&#8221;#000000&#8243; dot_nav_custom_color=&#8221;#000000&#8243; _builder_version=&#8221;4.27.4&#8243; _module_preset=&#8221;default&#8221; header_font=&#8221;Inter||||||||&#8221; header_text_color=&#8221;#000000&#8243; header_font_size=&#8221;24px&#8221; header_line_height=&#8221;1.8em&#8221; body_font=&#8221;Inter||||||||&#8221; body_text_color=&#8221;#000000&#8243; body_line_height=&#8221;1.8em&#8221; background_color=&#8221;RGBA(255,255,255,0)&#8221; custom_button=&#8221;on&#8221; button_text_size=&#8221;14px&#8221; button_text_color=&#8221;#000000&#8243; button_bg_color=&#8221;gcid-5b291cc9-df1d-4b6e-9bdc-386dacc5279f&#8221; button_border_width=&#8221;0px&#8221; button_border_radius=&#8221;0px&#8221; button_letter_spacing=&#8221;0.2em&#8221; button_font=&#8221;Inter|600||on|||||&#8221; button_custom_padding=&#8221;16px|24px|16px|24px|true|true&#8221; text_orientation=&#8221;left&#8221; custom_margin=&#8221;|-30px||-30px|false|true&#8221; custom_margin_tablet=&#8221;|-30px||-30px|false|true&#8221; custom_margin_phone=&#8221;|-20px||-20px|false|true&#8221; custom_margin_last_edited=&#8221;on|tablet&#8221; custom_padding=&#8221;0px|0px||0px|false|true&#8221; auto=&#8221;on&#8221; header_font_size_tablet=&#8221;16px&#8221; header_font_size_phone=&#8221;15px&#8221; header_font_size_last_edited=&#8221;on|tablet&#8221; text_shadow_style=&#8221;preset1&#8243; text_shadow_color=&#8221;RGBA(255,255,255,0)&#8221; global_colors_info=&#8221;{%22gcid-5b291cc9-df1d-4b6e-9bdc-386dacc5279f%22:%91%22button_bg_color%22%93}&#8221;][et_pb_slide heading=&#8221;We wanted something different for our wedding, and Gastro World delivered beyond our expectations. Their interactive food stations were a huge hit, and the menu perfectly reflected our personalities.  &#8221; _builder_version=&#8221;4.27.4&#8243; _module_preset=&#8221;default&#8221; header_level=&#8221;h2&#8243; header_font_size=&#8221;20px&#8221; global_colors_info=&#8221;{}&#8221; sticky_transition=&#8221;on&#8221;]<\/p>\n<p>&#8211; Igor Landry<\/p>\n<p>[\/et_pb_slide][et_pb_slide heading=&#8221;%22As an event planner, I\u2019ve worked with many caterers, but Gastro World stands out as one of the best. Their attention to detail, flexibility, and ability to accommodate dietary restrictions is unmatched.  &#8221; _builder_version=&#8221;4.27.4&#8243; _module_preset=&#8221;default&#8221; global_colors_info=&#8221;{}&#8221; sticky_transition=&#8221;on&#8221;]<\/p>\n<p>&#8211; <strong data-spm-anchor-id=\"a2ty_o01.29997173.0.i36.47d4c921ONS4RG\">Katarzyna RKatarzyna<\/strong><strong data-spm-anchor-id=\"a2ty_o01.29997173.0.i36.47d4c921ONS4RG\">R<\/strong><\/p>\n<p>[\/et_pb_slide][et_pb_slide heading=&#8221;%22Gastro World exceeded all our expectations for our charity gala. Their team handled everything\u2014from designing a custom menu to setting up beautifully decorated tables.%22  &#8221; _builder_version=&#8221;4.27.4&#8243; _module_preset=&#8221;default&#8221; global_colors_info=&#8221;{}&#8221; sticky_transition=&#8221;on&#8221;]<\/p>\n<p>&#8211; Joanna M<\/p>\n<p>[\/et_pb_slide][\/et_pb_slider][\/et_pb_column][\/et_pb_row][\/et_pb_section][et_pb_section fb_built=&#8221;1&#8243; admin_label=&#8221;About&#8221; _builder_version=&#8221;4.19.2&#8243; _module_preset=&#8221;default&#8221; custom_padding=&#8221;||19px|||&#8221; collapsed=&#8221;on&#8221; global_colors_info=&#8221;{}&#8221;][et_pb_row column_structure=&#8221;2_5,3_5&#8243; _builder_version=&#8221;4.19.2&#8243; _module_preset=&#8221;default&#8221; global_colors_info=&#8221;{}&#8221;][et_pb_column type=&#8221;2_5&#8243; _builder_version=&#8221;4.19.2&#8243; _module_preset=&#8221;default&#8221; global_colors_info=&#8221;{}&#8221;][et_pb_image src=&#8221;https:\/\/www.gastroworlds.pl\/wp-content\/uploads\/2025\/04\/4.jpeg&#8221; title_text=&#8221;Cabbage rolls with meat, rice and vegetables. Stuffed cabbage leaves with meat Generative AI&#8221; force_fullwidth=&#8221;on&#8221; _builder_version=&#8221;4.27.4&#8243; _module_preset=&#8221;default&#8221; height=&#8221;329px&#8221; global_colors_info=&#8221;{}&#8221;][\/et_pb_image][\/et_pb_column][et_pb_column type=&#8221;3_5&#8243; _builder_version=&#8221;4.19.2&#8243; _module_preset=&#8221;default&#8221; custom_padding=&#8221;30px||30px||true|false&#8221; custom_padding_tablet=&#8221;0px||0px||true|false&#8221; custom_padding_phone=&#8221;0px||0px||true|false&#8221; custom_padding_last_edited=&#8221;on|tablet&#8221; global_colors_info=&#8221;{}&#8221;][et_pb_text _builder_version=&#8221;4.27.4&#8243; _module_preset=&#8221;588d3a35-b8d4-43dc-925d-23ed5b9dccb2&#8243; hover_enabled=&#8221;0&#8243; locked=&#8221;off&#8221; global_colors_info=&#8221;{}&#8221; sticky_enabled=&#8221;0&#8243; header_2_font_size=&#8221;33px&#8221;]<\/p>\n<h2><strong data-spm-anchor-id=\"a2ty_o01.29997173.0.i66.47d4c921ONS4RG\">GASTROWORLD SP\u00d3\u0141KA Z OGRANICZON\u0104 ODPOWIEDZIALNO\u015aCI\u0104<\/strong><\/h2>\n<p>[\/et_pb_text][et_pb_text _builder_version=&#8221;4.27.4&#8243; _module_preset=&#8221;b56e0c36-2a99-45a2-bb41-2ddd6ec0b9b2&#8243; text_font=&#8221;||||||||&#8221; hover_enabled=&#8221;0&#8243; locked=&#8221;off&#8221; global_colors_info=&#8221;{}&#8221; sticky_enabled=&#8221;0&#8243;]<\/p>\n<p><span>Za\u0142o\u017cona przez zesp\u00f3\u0142 kulinarnych entuzjast\u00f3w z wieloletnim do\u015bwiadczeniem w bran\u017cy gastronomicznej i hotelarskiej, GASTROWORLD SP\u00d3\u0141KA Z OGRANICZON\u0104 ODPOWIEDZIALNO\u015aCI\u0104<\/span><strong>\u00a0<\/strong><span>narodzi\u0142a si\u0119 z ch\u0119ci przedefiniowania cateringu. Dostrzegli\u015bmy potrzeb\u0119 stworzenia us\u0142ugi, kt\u00f3ra nie tylko dostarcza\u0142aby pyszne jedzenie, ale tak\u017ce zapewnia\u0142a klientom bezstresowe do\u015bwiadczenie. Od kameralnych spotka\u0144 po wydarzenia na du\u017c\u0105 skal\u0119, stali\u015bmy si\u0119 zaufan\u0105 mark\u0105 na warszawskiej scenie cateringowej, znan\u0105 z kreatywno\u015bci, profesjonalizmu i przywi\u0105zania do jako\u015bci. <\/span><\/p>\n<p>[\/et_pb_text][\/et_pb_column][\/et_pb_row][et_pb_row column_structure=&#8221;1_3,1_3,1_3&#8243; _builder_version=&#8221;4.27.4&#8243; _module_preset=&#8221;default&#8221; global_colors_info=&#8221;{}&#8221;][et_pb_column type=&#8221;1_3&#8243; _builder_version=&#8221;4.19.2&#8243; _module_preset=&#8221;default&#8221; custom_padding_tablet=&#8221;||30px||false|false&#8221; custom_padding_phone=&#8221;||30px||false|false&#8221; custom_padding_last_edited=&#8221;on|tablet&#8221; global_colors_info=&#8221;{}&#8221;][et_pb_icon font_icon=&#8221;&#xf2e7;||fa||900&#8243; icon_color=&#8221;#000000&#8243; icon_width=&#8221;32px&#8221; align=&#8221;left&#8221; _builder_version=&#8221;4.19.2&#8243; _module_preset=&#8221;default&#8221; global_colors_info=&#8221;{}&#8221;][\/et_pb_icon][et_pb_text _builder_version=&#8221;4.27.4&#8243; _module_preset=&#8221;01c379f8-bc49-44c2-9759-1717c8a09101&#8243; custom_margin=&#8221;||0px||false|false&#8221; global_colors_info=&#8221;{}&#8221;]<\/p>\n<h3><strong>\u015awie\u017ce sk\u0142adniki<\/strong><\/h3>\n<p>[\/et_pb_text][et_pb_text _builder_version=&#8221;4.27.4&#8243; _module_preset=&#8221;8d4ed726-c47f-48a1-af87-e18093fb77ed&#8221; global_colors_info=&#8221;{}&#8221;]<\/p>\n<p style=\"text-align: justify;\">Pozyskujemy tylko najlepsze, sezonowe sk\u0142adniki, aby ka\u017cdy k\u0119s by\u0142 pe\u0142en smaku.<\/p>\n<p>[\/et_pb_text][\/et_pb_column][et_pb_column type=&#8221;1_3&#8243; _builder_version=&#8221;4.19.2&#8243; _module_preset=&#8221;default&#8221; custom_padding_tablet=&#8221;||30px||false|false&#8221; custom_padding_phone=&#8221;||30px||false|false&#8221; custom_padding_last_edited=&#8221;on|tablet&#8221; global_colors_info=&#8221;{}&#8221;][et_pb_icon font_icon=&#8221;&#xf06d;||fa||900&#8243; icon_color=&#8221;#000000&#8243; icon_width=&#8221;32px&#8221; align=&#8221;left&#8221; _builder_version=&#8221;4.19.2&#8243; _module_preset=&#8221;default&#8221; global_colors_info=&#8221;{}&#8221;][\/et_pb_icon][et_pb_text _builder_version=&#8221;4.27.4&#8243; _module_preset=&#8221;01c379f8-bc49-44c2-9759-1717c8a09101&#8243; custom_margin=&#8221;||0px||false|false&#8221; global_colors_info=&#8221;{}&#8221;]<\/p>\n<h3><strong>Innowacja  <\/strong><\/h3>\n<p>[\/et_pb_text][et_pb_text _builder_version=&#8221;4.27.4&#8243; _module_preset=&#8221;8d4ed726-c47f-48a1-af87-e18093fb77ed&#8221; global_colors_info=&#8221;{}&#8221;]<\/p>\n<p style=\"text-align: justify;\">Przesuwamy granice tradycyjnego cateringu, oferuj\u0105c kreatywne menu i nowoczesne prezentacje.<\/p>\n<p>[\/et_pb_text][\/et_pb_column][et_pb_column type=&#8221;1_3&#8243; _builder_version=&#8221;4.19.2&#8243; _module_preset=&#8221;default&#8221; global_colors_info=&#8221;{}&#8221;][et_pb_icon font_icon=&#8221;&#xf274;||fa||900&#8243; icon_color=&#8221;#000000&#8243; icon_width=&#8221;32px&#8221; align=&#8221;left&#8221; _builder_version=&#8221;4.19.2&#8243; _module_preset=&#8221;default&#8221; global_colors_info=&#8221;{}&#8221;][\/et_pb_icon][et_pb_text _builder_version=&#8221;4.27.4&#8243; _module_preset=&#8221;01c379f8-bc49-44c2-9759-1717c8a09101&#8243; custom_margin=&#8221;||0px||false|false&#8221; global_colors_info=&#8221;{}&#8221;]<\/p>\n<h3><strong>Personalizacja<\/strong><\/h3>\n<p>[\/et_pb_text][et_pb_text _builder_version=&#8221;4.27.4&#8243; _module_preset=&#8221;8d4ed726-c47f-48a1-af87-e18093fb77ed&#8221; global_colors_info=&#8221;{}&#8221;]<\/p>\n<p style=\"text-align: justify;\">Ka\u017cde wydarzenie jest wyj\u0105tkowe, podobnie jak nasze menu. Dostosowujemy ka\u017cdy aspekt naszych us\u0142ug, aby odzwierciedli\u0107 Tw\u00f3j styl i preferencje. <\/p>\n<p>[\/et_pb_text][\/et_pb_column][\/et_pb_row][et_pb_row _builder_version=&#8221;4.27.4&#8243; _module_preset=&#8221;default&#8221; global_colors_info=&#8221;{}&#8221;][et_pb_column type=&#8221;4_4&#8243; _builder_version=&#8221;4.27.4&#8243; _module_preset=&#8221;default&#8221; global_colors_info=&#8221;{}&#8221;][et_pb_text _builder_version=&#8221;4.27.4&#8243; _module_preset=&#8221;b56e0c36-2a99-45a2-bb41-2ddd6ec0b9b2&#8243; text_font=&#8221;||||||||&#8221; locked=&#8221;off&#8221; global_colors_info=&#8221;{}&#8221;]<\/p>\n<p data-spm-anchor-id=\"a2ty_o01.29997173.0.i44.47d4c921ONS4RG\">Wierzymy, \u017ce jedzenie to co\u015b wi\u0119cej ni\u017c tylko po\u017cywienie &#8211; to do\u015bwiadczenie. Ka\u017cde danie, kt\u00f3re tworzymy, opowiada histori\u0119, \u0142\u0105cz\u0105c smaki, tekstury i kultury, aby wywo\u0142a\u0107 emocje i wi\u0119zi. Nasza filozofia jest prosta:<\/p>\n<p><span style=\"font-size: 16px;\">Niezale\u017cnie od tego, czy organizujesz gal\u0119 firmow\u0105, wesele czy prywatne spotkanie rodzinne, jeste\u015bmy dumni z przygotowywania posi\u0142k\u00f3w, kt\u00f3re pozostawiaj\u0105 niezatarte wra\u017cenie na Twoich go\u015bciach.<\/span><\/p>\n<div class=\"my-2\"><\/div>\n<h4><strong>Co nas wyr\u00f3\u017cnia<\/strong><\/h4>\n<p><strong><\/strong><\/p>\n<ol start=\"1\">\n<li><strong>Szefowie kuchni <\/strong>: Nasz utalentowany zesp\u00f3\u0142 kulinarny \u0142\u0105czy wieloletnie do\u015bwiadczenie z pasj\u0105 do innowacji, dzi\u0119ki czemu ka\u017cde danie jest dopracowane do perfekcji.<\/li>\n<li><strong>Konfigurowalne menu <\/strong>: od wykwintnych kolacji po interaktywne stacje gastronomiczne, projektujemy menu, kt\u00f3re zaspokajaj\u0105 potrzeby tematyczne, dietetyczne i preferencje kulturowe.<\/li>\n<li><strong>Nienaganna obs\u0142uga <\/strong>: Nasz profesjonalny personel jest przeszkolony, aby zapewni\u0107 uwa\u017cn\u0105 i uprzejm\u0105 opiek\u0119, zapewniaj\u0105c p\u0142ynny przebieg wydarzenia od pocz\u0105tku do ko\u0144ca.<\/li>\n<li><strong>Dba\u0142o\u015b\u0107 o szczeg\u00f3\u0142y <\/strong>: Wierzymy, \u017ce ma\u0142e rzeczy maj\u0105 znaczenie. Od eleganckiej zastawy po przemy\u015blany wystr\u00f3j, robimy wszystko, co w naszej mocy, aby Twoje wydarzenie by\u0142o naprawd\u0119 wyj\u0105tkowe.<\/li>\n<\/ol>\n<p>[\/et_pb_text][\/et_pb_column][\/et_pb_row][\/et_pb_section]<\/p>\n","protected":false},"excerpt":{"rendered":"<p>O nasPrze\u017cyj lunch, kolacj\u0119 lub \u015bniadanie jak nigdy dot\u0105d! Nasze klasyczne polskie us\u0142ugi cateringowe oferuj\u0105 aromatyczne posi\u0142ki, kt\u00f3re zachwyc\u0105 Twoje kubki smakowe. &#8211; Igor Landry- Katarzyna RKatarzynaR- Joanna MGASTROWORLD SP\u00d3\u0141KA Z OGRANICZON\u0104 ODPOWIEDZIALNO\u015aCI\u0104Za\u0142o\u017cona przez zesp\u00f3\u0142 kulinarnych entuzjast\u00f3w z wieloletnim do\u015bwiadczeniem w bran\u017cy gastronomicznej i hotelarskiej, GASTROWORLD SP\u00d3\u0141KA Z OGRANICZON\u0104 ODPOWIEDZIALNO\u015aCI\u0104\u00a0narodzi\u0142a si\u0119 z ch\u0119ci przedefiniowania cateringu. [&hellip;]<\/p>\n","protected":false},"author":1,"featured_media":0,"parent":0,"menu_order":0,"comment_status":"closed","ping_status":"closed","template":"","meta":{"_et_pb_use_builder":"on","_et_pb_old_content":"","_et_gb_content_width":"","footnotes":""},"class_list":["post-770","page","type-page","status-publish","hentry"],"_links":{"self":[{"href":"https:\/\/www.gastroworlds.pl\/pl\/wp-json\/wp\/v2\/pages\/770","targetHints":{"allow":["GET"]}}],"collection":[{"href":"https:\/\/www.gastroworlds.pl\/pl\/wp-json\/wp\/v2\/pages"}],"about":[{"href":"https:\/\/www.gastroworlds.pl\/pl\/wp-json\/wp\/v2\/types\/page"}],"author":[{"embeddable":true,"href":"https:\/\/www.gastroworlds.pl\/pl\/wp-json\/wp\/v2\/users\/1"}],"replies":[{"embeddable":true,"href":"https:\/\/www.gastroworlds.pl\/pl\/wp-json\/wp\/v2\/comments?post=770"}],"version-history":[{"count":2,"href":"https:\/\/www.gastroworlds.pl\/pl\/wp-json\/wp\/v2\/pages\/770\/revisions"}],"predecessor-version":[{"id":799,"href":"https:\/\/www.gastroworlds.pl\/pl\/wp-json\/wp\/v2\/pages\/770\/revisions\/799"}],"wp:attachment":[{"href":"https:\/\/www.gastroworlds.pl\/pl\/wp-json\/wp\/v2\/media?parent=770"}],"curies":[{"name":"wp","href":"https:\/\/api.w.org\/{rel}","templated":true}]}}