{"id":772,"date":"2025-04-17T10:27:17","date_gmt":"2025-04-17T10:27:17","guid":{"rendered":"https:\/\/www.gastroworlds.pl\/lunch-catering\/"},"modified":"2025-04-17T10:27:17","modified_gmt":"2025-04-17T10:27:17","slug":"lunch-catering","status":"publish","type":"page","link":"https:\/\/www.gastroworlds.pl\/pl\/lunch-catering\/","title":{"rendered":"Lunch Catering."},"content":{"rendered":"<p>[et_pb_section fb_built=&#8221;1&#8243; admin_label=&#8221;Header&#8221; _builder_version=&#8221;4.27.4&#8243; _module_preset=&#8221;default&#8221; use_background_color_gradient=&#8221;on&#8221; background_color_gradient_stops=&#8221;rgba(10,10,10,0.5) 0%|rgba(0,0,0,0.6) 100%&#8221; background_color_gradient_overlays_image=&#8221;on&#8221; background_image=&#8221;https:\/\/www.gastroworlds.pl\/wp-content\/uploads\/2025\/04\/top-view-fried-potatoes-with-seasonings-bread-loafs-different-vegetables-dark-desk-scaled.jpg&#8221; parallax=&#8221;on&#8221; custom_padding=&#8221;6vw||5vw||false|false&#8221; collapsed=&#8221;on&#8221; global_colors_info=&#8221;{}&#8221;][et_pb_row _builder_version=&#8221;4.24.3&#8243; _module_preset=&#8221;default&#8221; width=&#8221;50%&#8221; width_tablet=&#8221;80%&#8221; width_phone=&#8221;80%&#8221; width_last_edited=&#8221;on|desktop&#8221; max_width=&#8221;none&#8221; global_colors_info=&#8221;{}&#8221;][et_pb_column type=&#8221;4_4&#8243; _builder_version=&#8221;4.24.3&#8243; _module_preset=&#8221;default&#8221; global_colors_info=&#8221;{}&#8221;][et_pb_heading title=&#8221;LUNCH Catering&#8221; _builder_version=&#8221;4.27.4&#8243; _module_preset=&#8221;b39cf26b-62f2-4e5a-a068-eb10621054c3&#8243; title_font=&#8221;|700||on|||||&#8221; title_text_align=&#8221;center&#8221; title_text_color=&#8221;#FFFFFF&#8221; title_font_size=&#8221;3vw&#8221; global_colors_info=&#8221;{}&#8221;][\/et_pb_heading][\/et_pb_column][\/et_pb_row][\/et_pb_section][et_pb_section fb_built=&#8221;1&#8243; admin_label=&#8221;About&#8221; _builder_version=&#8221;4.23.2&#8243; _module_preset=&#8221;default&#8221; custom_padding=&#8221;40px|||||&#8221; collapsed=&#8221;on&#8221; global_colors_info=&#8221;{}&#8221;][et_pb_row _builder_version=&#8221;4.24.2&#8243; _module_preset=&#8221;default&#8221; max_width=&#8221;800px&#8221; global_colors_info=&#8221;{}&#8221;][et_pb_column type=&#8221;4_4&#8243; _builder_version=&#8221;4.24.2&#8243; _module_preset=&#8221;default&#8221; global_colors_info=&#8221;{}&#8221;][et_pb_text _builder_version=&#8221;4.27.4&#8243; _module_preset=&#8221;0c6a50f0-6f4b-490e-8010-012d73fb1478&#8243; text_orientation=&#8221;center&#8221; global_colors_info=&#8221;{}&#8221;]<\/p>\n<h2 class=\"elementor-heading-title elementor-size-default\">Menu lunchu<\/h2>\n<p>[\/et_pb_text][\/et_pb_column][\/et_pb_row][et_pb_row column_structure=&#8221;1_4,1_4,1_4,1_4&#8243; use_custom_gutter=&#8221;on&#8221; gutter_width=&#8221;2&#8243; make_equal=&#8221;on&#8221; _builder_version=&#8221;4.27.4&#8243; _module_preset=&#8221;default&#8221; width=&#8221;93%&#8221; max_width=&#8221;1725px&#8221; custom_margin=&#8221;||||false|false&#8221; global_colors_info=&#8221;{}&#8221;][et_pb_column type=&#8221;1_4&#8243; _builder_version=&#8221;4.27.4&#8243; _module_preset=&#8221;default&#8221; use_background_color_gradient=&#8221;on&#8221; background_color_gradient_stops=&#8221;rgba(255,255,255,0) 0%|rgba(0,0,0,0.6) 80%&#8221; background_color_gradient_overlays_image=&#8221;on&#8221; background_image=&#8221;https:\/\/www.gastroworlds.pl\/wp-content\/uploads\/2025\/04\/1.webp&#8221; custom_padding=&#8221;30%|30px|30px|30px|false|true&#8221; global_colors_info=&#8221;{}&#8221;][et_pb_text _builder_version=&#8221;4.27.4&#8243; _module_preset=&#8221;7c2f7c91-2fba-4ce3-a04c-525dc0256815&#8243; header_4_text_color=&#8221;#FFFFFF&#8221; global_colors_info=&#8221;{}&#8221;]<\/p>\n<h4 class=\"elementor-image-box-title\">W\u0142oska sa\u0142atka z kurczakiem<\/h4>\n<p>[\/et_pb_text][\/et_pb_column][et_pb_column type=&#8221;1_4&#8243; _builder_version=&#8221;4.27.4&#8243; _module_preset=&#8221;default&#8221; use_background_color_gradient=&#8221;on&#8221; background_color_gradient_stops=&#8221;rgba(255,255,255,0) 0%|rgba(0,0,0,0.6) 80%&#8221; background_color_gradient_overlays_image=&#8221;on&#8221; background_image=&#8221;https:\/\/www.gastroworlds.pl\/wp-content\/uploads\/2025\/04\/2.webp&#8221; custom_padding=&#8221;30%|30px|30px|30px|false|true&#8221; global_colors_info=&#8221;{}&#8221;][et_pb_text _builder_version=&#8221;4.24.2&#8243; _module_preset=&#8221;7c2f7c91-2fba-4ce3-a04c-525dc0256815&#8243; header_4_text_color=&#8221;#FFFFFF&#8221; global_colors_info=&#8221;{}&#8221;]<\/p>\n<h4>Harmonogram targ\u00f3w rolnych<\/h4>\n<p>[\/et_pb_text][\/et_pb_column][et_pb_column type=&#8221;1_4&#8243; _builder_version=&#8221;4.27.4&#8243; _module_preset=&#8221;default&#8221; use_background_color_gradient=&#8221;on&#8221; background_color_gradient_stops=&#8221;rgba(255,255,255,0) 0%|rgba(0,0,0,0.6) 80%&#8221; background_color_gradient_overlays_image=&#8221;on&#8221; background_image=&#8221;https:\/\/www.gastroworlds.pl\/wp-content\/uploads\/2025\/04\/3.webp&#8221; custom_padding=&#8221;30%|30px|30px|30px|false|true&#8221; global_colors_info=&#8221;{}&#8221;][et_pb_text _builder_version=&#8221;4.27.4&#8243; _module_preset=&#8221;7c2f7c91-2fba-4ce3-a04c-525dc0256815&#8243; header_4_text_color=&#8221;#FFFFFF&#8221; global_colors_info=&#8221;{}&#8221;]<\/p>\n<h4 class=\"elementor-image-box-title\">Sa\u0142atka z \u0142ososiem<\/h4>\n<p>[\/et_pb_text][\/et_pb_column][et_pb_column type=&#8221;1_4&#8243; _builder_version=&#8221;4.27.4&#8243; _module_preset=&#8221;default&#8221; use_background_color_gradient=&#8221;on&#8221; background_color_gradient_stops=&#8221;rgba(255,255,255,0) 0%|rgba(0,0,0,0.6) 80%&#8221; background_color_gradient_overlays_image=&#8221;on&#8221; background_image=&#8221;https:\/\/www.gastroworlds.pl\/wp-content\/uploads\/2025\/04\/4.webp&#8221; custom_padding=&#8221;30%|30px|30px|30px|false|true&#8221; global_colors_info=&#8221;{}&#8221;][et_pb_text _builder_version=&#8221;4.27.4&#8243; _module_preset=&#8221;7c2f7c91-2fba-4ce3-a04c-525dc0256815&#8243; header_4_text_color=&#8221;#FFFFFF&#8221; global_colors_info=&#8221;{}&#8221;]<\/p>\n<h4 class=\"elementor-image-box-title\">\u015ar\u00f3dziemnomorska sa\u0142atka ry\u017cowa<\/h4>\n<p>[\/et_pb_text][\/et_pb_column][\/et_pb_row][et_pb_row column_structure=&#8221;1_4,1_4,1_4,1_4&#8243; use_custom_gutter=&#8221;on&#8221; gutter_width=&#8221;2&#8243; make_equal=&#8221;on&#8221; _builder_version=&#8221;4.27.4&#8243; _module_preset=&#8221;default&#8221; width=&#8221;93%&#8221; max_width=&#8221;1725px&#8221; custom_margin=&#8221;||||false|false&#8221; global_colors_info=&#8221;{}&#8221;][et_pb_column type=&#8221;1_4&#8243; _builder_version=&#8221;4.27.4&#8243; _module_preset=&#8221;default&#8221; use_background_color_gradient=&#8221;on&#8221; background_color_gradient_stops=&#8221;rgba(255,255,255,0) 0%|rgba(0,0,0,0.6) 80%&#8221; background_color_gradient_overlays_image=&#8221;on&#8221; background_image=&#8221;https:\/\/www.gastroworlds.pl\/wp-content\/uploads\/2025\/04\/10.webp&#8221; custom_padding=&#8221;30%|30px|30px|30px|false|true&#8221; global_colors_info=&#8221;{}&#8221;][et_pb_text _builder_version=&#8221;4.27.4&#8243; _module_preset=&#8221;7c2f7c91-2fba-4ce3-a04c-525dc0256815&#8243; header_4_text_color=&#8221;#FFFFFF&#8221; global_colors_info=&#8221;{}&#8221;]<\/p>\n<h4 class=\"elementor-image-box-title\"><span>Sa\u0142atka z awokado z krewetkami kr\u00f3lewskimi<\/span><\/h4>\n<p>[\/et_pb_text][\/et_pb_column][et_pb_column type=&#8221;1_4&#8243; _builder_version=&#8221;4.27.4&#8243; _module_preset=&#8221;default&#8221; use_background_color_gradient=&#8221;on&#8221; background_color_gradient_stops=&#8221;rgba(255,255,255,0) 0%|rgba(0,0,0,0.6) 80%&#8221; background_color_gradient_overlays_image=&#8221;on&#8221; background_image=&#8221;https:\/\/www.gastroworlds.pl\/wp-content\/uploads\/2025\/04\/11.webp&#8221; custom_padding=&#8221;30%|30px|30px|30px|false|true&#8221; global_colors_info=&#8221;{}&#8221;][et_pb_text _builder_version=&#8221;4.27.4&#8243; _module_preset=&#8221;7c2f7c91-2fba-4ce3-a04c-525dc0256815&#8243; header_4_text_color=&#8221;#FFFFFF&#8221; global_colors_info=&#8221;{}&#8221;]<\/p>\n<h4><span>Sa\u0142atka z hummusem i falafelami<\/span><\/h4>\n<p>[\/et_pb_text][\/et_pb_column][et_pb_column type=&#8221;1_4&#8243; _builder_version=&#8221;4.27.4&#8243; _module_preset=&#8221;default&#8221; use_background_color_gradient=&#8221;on&#8221; background_color_gradient_stops=&#8221;rgba(255,255,255,0) 0%|rgba(0,0,0,0.6) 80%&#8221; background_color_gradient_overlays_image=&#8221;on&#8221; background_image=&#8221;https:\/\/www.gastroworlds.pl\/wp-content\/uploads\/2025\/04\/12.webp&#8221; custom_padding=&#8221;30%|30px|30px|30px|false|true&#8221; global_colors_info=&#8221;{}&#8221;][et_pb_text _builder_version=&#8221;4.27.4&#8243; _module_preset=&#8221;7c2f7c91-2fba-4ce3-a04c-525dc0256815&#8243; header_4_text_color=&#8221;#FFFFFF&#8221; global_colors_info=&#8221;{}&#8221;]<\/p>\n<h4 class=\"elementor-image-box-title\"><span>Sa\u0142atka makaronowa z pesto<\/span><\/h4>\n<p>[\/et_pb_text][\/et_pb_column][et_pb_column type=&#8221;1_4&#8243; _builder_version=&#8221;4.27.4&#8243; _module_preset=&#8221;default&#8221; use_background_color_gradient=&#8221;on&#8221; background_color_gradient_stops=&#8221;rgba(255,255,255,0) 0%|rgba(0,0,0,0.6) 80%&#8221; background_color_gradient_overlays_image=&#8221;on&#8221; background_image=&#8221;https:\/\/www.gastroworlds.pl\/wp-content\/uploads\/2025\/04\/13.webp&#8221; custom_padding=&#8221;30%|30px|30px|30px|false|true&#8221; global_colors_info=&#8221;{}&#8221;][et_pb_text _builder_version=&#8221;4.27.4&#8243; _module_preset=&#8221;7c2f7c91-2fba-4ce3-a04c-525dc0256815&#8243; header_4_text_color=&#8221;#FFFFFF&#8221; global_colors_info=&#8221;{}&#8221;]<\/p>\n<h4 class=\"elementor-image-box-title\"><span>Sa\u0142atka z tu\u0144czykiem Nikozja  <\/span><\/h4>\n<p>[\/et_pb_text][\/et_pb_column][\/et_pb_row][\/et_pb_section][et_pb_section fb_built=&#8221;1&#8243; admin_label=&#8221;Features&#8221; _builder_version=&#8221;4.27.4&#8243; _module_preset=&#8221;default&#8221; use_background_color_gradient=&#8221;on&#8221; background_color_gradient_stops=&#8221;rgba(0,10,0,0.6) 0%|rgba(255,255,255,0) 100%&#8221; background_color_gradient_overlays_image=&#8221;on&#8221; background_image=&#8221;https:\/\/www.gastroworlds.pl\/wp-content\/uploads\/2025\/04\/yo3.avif&#8221; parallax=&#8221;on&#8221; custom_padding=&#8221;||47px|||&#8221; collapsed=&#8221;on&#8221; global_colors_info=&#8221;{}&#8221;][et_pb_row column_structure=&#8221;1_2,1_2&#8243; _builder_version=&#8221;4.22.0&#8243; _module_preset=&#8221;default&#8221; global_colors_info=&#8221;{}&#8221;][et_pb_column type=&#8221;1_2&#8243; _builder_version=&#8221;4.22.0&#8243; _module_preset=&#8221;default&#8221; background_color=&#8221;#FFFFFF&#8221; custom_padding=&#8221;40px|40px|40px|40px|true|true&#8221; custom_padding_tablet=&#8221;30px|30px|30px|30px|true|true&#8221; custom_padding_phone=&#8221;20px|20px|20px|20px|true|true&#8221; custom_padding_last_edited=&#8221;on|tablet&#8221; box_shadow_style=&#8221;preset4&#8243; box_shadow_horizontal=&#8221;0px&#8221; box_shadow_blur=&#8221;60px&#8221; box_shadow_spread=&#8221;-10px&#8221; box_shadow_color=&#8221;rgba(0,0,0,0.15)&#8221; global_colors_info=&#8221;{}&#8221;][et_pb_text _builder_version=&#8221;4.27.4&#8243; _module_preset=&#8221;09cb6414-20ca-4f03-a1cb-2804d24244aa&#8221; custom_margin=&#8221;||10px||false|false&#8221; global_colors_info=&#8221;{}&#8221;]<\/p>\n<h2 class=\"elementor-heading-title elementor-size-default\"><strong data-spm-anchor-id=\"a2ty_o01.29997173.0.i82.47d4c921ONS4RG\">Wzrost popularno\u015bci cateringu lunchowego z polskiej perspektywy<\/strong><\/h2>\n<p>[\/et_pb_text][et_pb_text _builder_version=&#8221;4.27.4&#8243; _module_preset=&#8221;becd9c68-4f26-487d-99c7-ed60c85cc9b1&#8243; global_colors_info=&#8221;{}&#8221;]<\/p>\n<p style=\"text-align: justify;\"><span>Na co\u015b bardziej tre\u015bciwego polecamy nasz delikatny i aromatyczny bigos, znany r\u00f3wnie\u017c jako gulasz my\u015bliwski. To danie \u0142\u0105czy w sobie r\u00f3\u017cne mi\u0119sa i kiszon\u0105 kapust\u0119, duszone do perfekcji.   <\/span><br \/><span><\/span><\/p>\n<p style=\"text-align: justify;\"><span>Ka\u017cdy przepis odzwierciedla bogate dziedzictwo kulinarne Polski, zapewniaj\u0105c autentyczne doznania. Pozw\u00f3l, aby nasze us\u0142ugi cateringowe pomog\u0142y Ci podnie\u015b\u0107 jako\u015b\u0107 Twojego po\u0142udniowego posi\u0142ku dzi\u0119ki tym wspania\u0142ym opcjom. Ciesz si\u0119 smakiem Polski i spraw, aby Tw\u00f3j lunch by\u0142 wyj\u0105tkowy!  <\/span><\/p>\n<p>[\/et_pb_text][\/et_pb_column][et_pb_column type=&#8221;1_2&#8243; _builder_version=&#8221;4.22.0&#8243; _module_preset=&#8221;default&#8221; global_colors_info=&#8221;{}&#8221;][et_pb_blurb title=&#8221;Wygoda w najlepszym wydaniu&#8221; _builder_version=&#8221;4.27.4&#8243; _module_preset=&#8221;3e6e5bf3-b7e8-4f9e-b941-1b3f8566205a&#8221; background_color=&#8221;#FFFFFF&#8221; custom_margin=&#8221;||-2px||false|false&#8221; custom_padding=&#8221;40px|30px|40px|30px|true|true&#8221; custom_padding_tablet=&#8221;40px|30px|40px|30px|true|true&#8221; custom_padding_phone=&#8221;30px|20px|30px|20px|true|true&#8221; custom_padding_last_edited=&#8221;on|tablet&#8221; border_width_all=&#8221;2px&#8221; border_color_all=&#8221;#E09900&#8243; locked=&#8221;off&#8221; global_colors_info=&#8221;{%22gcid-95530a2b-5e91-45c7-8ffb-59bb0a37f154%22:%91%22image_icon_background_color%22,%22image_icon_background_color%22%93}&#8221;]<\/p>\n<p style=\"text-align: justify;\"><span>  Pozw\u00f3l nam zaj\u0105\u0107 si\u0119 dostaw\u0105 i konfiguracj\u0105, aby\u015b m\u00f3g\u0142 nada\u0107 priorytet swojemu zespo\u0142owi lub wydarzeniu. Ciesz si\u0119 bezproblemowym planowaniem dzi\u0119ki naszemu do\u015bwiadczeniu! <\/span><\/p>\n<p>[\/et_pb_blurb][et_pb_blurb title=&#8221;\u015awie\u017ce sk\u0142adniki, wyraziste smaki&#8221; _builder_version=&#8221;4.27.4&#8243; _module_preset=&#8221;3e6e5bf3-b7e8-4f9e-b941-1b3f8566205a&#8221; background_color=&#8221;#FFFFFF&#8221; custom_margin=&#8221;||-2px||false|false&#8221; custom_padding=&#8221;40px|30px|40px|30px|true|true&#8221; custom_padding_tablet=&#8221;40px|30px|40px|30px|true|true&#8221; custom_padding_phone=&#8221;30px|20px|30px|20px|true|true&#8221; custom_padding_last_edited=&#8221;on|tablet&#8221; border_width_all=&#8221;2px&#8221; border_color_all=&#8221;#E09900&#8243; locked=&#8221;off&#8221; global_colors_info=&#8221;{%22gcid-95530a2b-5e91-45c7-8ffb-59bb0a37f154%22:%91%22image_icon_background_color%22,%22image_icon_background_color%22%93}&#8221;]<\/p>\n<p style=\"text-align: justify;\"><span>Ulubione menu ka\u017cdego! Rozkoszuj si\u0119 r\u00f3\u017cnorodno\u015bci\u0105 pysznych da\u0144 przygotowanych z my\u015bl\u0105 o ka\u017cdej diecie. Znajd\u017a sw\u00f3j idealny posi\u0142ek ju\u017c teraz!  <\/span><\/p>\n<p>[\/et_pb_blurb][et_pb_blurb title=&#8221;Interaktywne stacje obiadowe&#8221; _builder_version=&#8221;4.27.4&#8243; _module_preset=&#8221;3e6e5bf3-b7e8-4f9e-b941-1b3f8566205a&#8221; background_color=&#8221;#FFFFFF&#8221; custom_margin=&#8221;||-2px||false|false&#8221; custom_padding=&#8221;40px|30px|40px|30px|true|true&#8221; custom_padding_tablet=&#8221;40px|30px|40px|30px|true|true&#8221; custom_padding_phone=&#8221;30px|20px|30px|20px|true|true&#8221; custom_padding_last_edited=&#8221;on|tablet&#8221; border_width_all=&#8221;2px&#8221; border_color_all=&#8221;#E09900&#8243; locked=&#8221;off&#8221; global_colors_info=&#8221;{%22gcid-95530a2b-5e91-45c7-8ffb-59bb0a37f154%22:%91%22image_icon_background_color%22,%22image_icon_background_color%22%93}&#8221;]<\/p>\n<div class=\"elementor-column elementor-col-50 elementor-top-column elementor-element elementor-element-96c8e43\" data-id=\"96c8e43\" data-element_type=\"column\">\n<div class=\"elementor-widget-wrap elementor-element-populated\">\n<div class=\"elementor-element elementor-element-9c7caaa elementor-widget elementor-widget-text-editor\" data-id=\"9c7caaa\" data-element_type=\"widget\" data-widget_type=\"text-editor.default\">\n<div class=\"elementor-widget-container\">\n<p style=\"text-align: justify;\"><span>Interaktywne stacje obiadowe Podnie\u015b jako\u015b\u0107 posi\u0142k\u00f3w dzi\u0119ki konfigurowalnym posi\u0142kom i anga\u017cuj\u0105cym konfiguracjom. Odkryj \u015bwie\u017ce smaki i dobr\u0105 zabaw\u0119 ju\u017c dzi\u015b! <\/span><\/p>\n<\/div>\n<\/div>\n<\/div>\n<\/div>\n<div class=\"elementor-column elementor-col-50 elementor-top-column elementor-element elementor-element-29c4026\" data-id=\"29c4026\" data-element_type=\"column\">\n<div class=\"elementor-widget-wrap elementor-element-populated\">\n<div class=\"elementor-element elementor-element-e43a58a elementor-widget elementor-widget-image\" data-id=\"e43a58a\" data-element_type=\"widget\" data-widget_type=\"image.default\"><\/div>\n<\/div>\n<\/div>\n<p>[\/et_pb_blurb][\/et_pb_column][\/et_pb_row][\/et_pb_section][et_pb_section fb_built=&#8221;1&#8243; admin_label=&#8221;Features&#8221; _builder_version=&#8221;4.22.0&#8243; _module_preset=&#8221;default&#8221; background_color=&#8221;gcid-946866d9-c2b9-4b1f-9c7c-a55f3a135378&#8243; custom_padding=&#8221;5px||3px|||&#8221; collapsed=&#8221;on&#8221; global_colors_info=&#8221;{%22gcid-946866d9-c2b9-4b1f-9c7c-a55f3a135378%22:%91%22background_color%22%93}&#8221;][et_pb_row column_structure=&#8221;1_2,1_2&#8243; make_equal=&#8221;on&#8221; _builder_version=&#8221;4.27.4&#8243; _module_preset=&#8221;default&#8221; custom_padding=&#8221;10px||0px|||&#8221; global_colors_info=&#8221;{}&#8221;][et_pb_column type=&#8221;1_2&#8243; _builder_version=&#8221;4.22.0&#8243; _module_preset=&#8221;default&#8221; custom_padding=&#8221;60px||60px||true|false&#8221; custom_padding_tablet=&#8221;0px||0px||true|false&#8221; custom_padding_phone=&#8221;0px||0px||true|false&#8221; custom_padding_last_edited=&#8221;on|tablet&#8221; global_colors_info=&#8221;{}&#8221;][et_pb_text _builder_version=&#8221;4.27.4&#8243; _module_preset=&#8221;09cb6414-20ca-4f03-a1cb-2804d24244aa&#8221; header_font=&#8221;|700|||||||&#8221; header_font_size=&#8221;36px&#8221; header_2_font=&#8221;|700|||||||&#8221; header_2_font_size=&#8221;43px&#8221; custom_margin=&#8221;||10px||false|false&#8221; global_colors_info=&#8221;{}&#8221;]<\/p>\n<h1 class=\"elementor-heading-title elementor-size-default\">Lunch Catering Polska<\/h1>\n<p>[\/et_pb_text][et_pb_text _builder_version=&#8221;4.27.4&#8243; _module_preset=&#8221;becd9c68-4f26-487d-99c7-ed60c85cc9b1&#8243; global_colors_info=&#8221;{}&#8221;]<\/p>\n<p data-spm-anchor-id=\"a2ty_o01.29997173.0.i53.47d4c921ONS4RG\" style=\"text-align: justify;\"><span>Lunche nie musz\u0105 by\u0107 nudne. Przy   <\/span><strong>Gastro World <\/strong><span>Przywracamy emocje do godzin lunchu w firmach dzi\u0119ki \u017cywemu i zr\u00f3\u017cnicowanemu menu. <\/span> <\/p>\n<p style=\"text-align: justify;\"><span>Je\u015bli szukasz klasycznego przepisu na polski lunch, jeste\u015b we w\u0142a\u015bciwym miejscu! Nasze us\u0142ugi cateringowe oferuj\u0105 zachwycaj\u0105cy wachlarz tradycyjnych da\u0144 obiadowych, kt\u00f3re z pewno\u015bci\u0105 zrobi\u0105 wra\u017cenie. <\/span><\/p>\n<p style=\"text-align: justify;\"><span>Polska kuchnia s\u0142ynie z obfitych smak\u00f3w i pocieszaj\u0105cych sk\u0142adnik\u00f3w. Wyobra\u017a sobie, \u017ce delektujesz si\u0119 misk\u0105 gor\u0105cego barszczu, przygotowanego z burak\u00f3w i podawanego z odrobin\u0105 kwa\u015bnej \u015bmietany. A mo\u017ce wolisz pierogi, te pyszne pierogi wype\u0142nione ziemniakami, serem, a nawet mi\u0119sem.  <\/span><br \/><span><\/span><\/p>\n<p>[\/et_pb_text][et_pb_blurb title=&#8221;\u015awie\u017ce i ekscytuj\u0105ce opcje lunchu&#8221; use_icon=&#8221;on&#8221; font_icon=&#8221;\ue052||divi||400&#8243; icon_color=&#8221;#E09900&#8243; _builder_version=&#8221;4.27.4&#8243; _module_preset=&#8221;534e9722-0509-48e6-98f6-3706b668b15c&#8221; custom_margin=&#8221;||10px||false|false&#8221; locked=&#8221;off&#8221; global_colors_info=&#8221;{}&#8221;]<\/p>\n<p>Po\u017cegnaj si\u0119 z nudnymi lunchami! W <strong>Gastro <\/strong> World wprowadzamy o\u017cywienie i r\u00f3\u017cnorodno\u015b\u0107 do firmowych lunch\u00f3w dzi\u0119ki kreatywnemu, codziennie zmieniaj\u0105cemu si\u0119 menu. <\/p>\n<p>[\/et_pb_blurb][et_pb_blurb title=&#8221;Zdrowe i satysfakcjonuj\u0105ce posi\u0142ki&#8221; use_icon=&#8221;on&#8221; font_icon=&#8221;\ue052||divi||400&#8243; icon_color=&#8221;#E09900&#8243; _builder_version=&#8221;4.27.4&#8243; _module_preset=&#8221;534e9722-0509-48e6-98f6-3706b668b15c&#8221; custom_margin=&#8221;||10px||false|false&#8221; locked=&#8221;off&#8221; global_colors_info=&#8221;{}&#8221;]<\/p>\n<p>Zapewnij swojemu zespo\u0142owi po\u017cywne, pyszne dania zaprojektowane tak, aby utrzyma\u0107 wysoki poziom energii i zadowoli\u0107 kubki smakowe.<\/p>\n<p>[\/et_pb_blurb][et_pb_blurb title=&#8221;Wygodna i bezstresowa obs\u0142uga&#8221; use_icon=&#8221;on&#8221; font_icon=&#8221;\ue052||divi||400&#8243; icon_color=&#8221;#E09900&#8243; _builder_version=&#8221;4.27.4&#8243; _module_preset=&#8221;534e9722-0509-48e6-98f6-3706b668b15c&#8221; custom_margin=&#8221;||10px||false|false&#8221; locked=&#8221;off&#8221; global_colors_info=&#8221;{}&#8221;]<\/p>\n<p data-spm-anchor-id=\"a2ty_o01.29997173.0.i64.47d4c921ONS4RG\">Pozw\u00f3l nam zaj\u0105\u0107 si\u0119 wszystkim &#8211; dostaw\u0105, konfiguracj\u0105 i sprz\u0105taniem &#8211; aby\u015b m\u00f3g\u0142 skupi\u0107 si\u0119 na tym, co najwa\u017cniejsze.<\/p>\n<p>[\/et_pb_blurb][et_pb_blurb title=&#8221;Obfite klasyki i kreacje dla smakoszy&#8221; use_icon=&#8221;on&#8221; font_icon=&#8221;\ue052||divi||400&#8243; icon_color=&#8221;#E09900&#8243; _builder_version=&#8221;4.27.4&#8243; _module_preset=&#8221;534e9722-0509-48e6-98f6-3706b668b15c&#8221; custom_margin=&#8221;||10px||false|false&#8221; locked=&#8221;off&#8221; global_colors_info=&#8221;{}&#8221;]<\/p>\n<p>Niezale\u017cnie od tego, czy jest to pocieszaj\u0105ca kanapka, czy eleganckie danie na talerzu, oferujemy co\u015b dla ka\u017cdego podniebienia.<\/p>\n<p>[\/et_pb_blurb][\/et_pb_column][et_pb_column type=&#8221;1_2&#8243; _builder_version=&#8221;4.27.4&#8243; _module_preset=&#8221;default&#8221; background_image=&#8221;https:\/\/www.gastroworlds.pl\/wp-content\/uploads\/2025\/04\/lunch.webp&#8221; background_size=&#8221;custom&#8221; background_image_width=&#8221;100%&#8221; background_image_height=&#8221;65%&#8221; global_colors_info=&#8221;{}&#8221;][et_pb_divider show_divider=&#8221;off&#8221; _builder_version=&#8221;4.23.1&#8243; _module_preset=&#8221;default&#8221; height_tablet=&#8221;40vw&#8221; height_phone=&#8221;40vw&#8221; height_last_edited=&#8221;on|desktop&#8221; global_colors_info=&#8221;{}&#8221;][\/et_pb_divider][\/et_pb_column][\/et_pb_row][\/et_pb_section]<\/p>\n","protected":false},"excerpt":{"rendered":"<p>Menu lunchuW\u0142oska sa\u0142atka z kurczakiemHarmonogram targ\u00f3w rolnychSa\u0142atka z \u0142ososiem\u015ar\u00f3dziemnomorska sa\u0142atka ry\u017cowaSa\u0142atka z awokado z krewetkami kr\u00f3lewskimiSa\u0142atka z hummusem i falafelamiSa\u0142atka makaronowa z pestoSa\u0142atka z tu\u0144czykiem Nikozja Wzrost popularno\u015bci cateringu lunchowego z polskiej perspektywyNa co\u015b bardziej tre\u015bciwego polecamy nasz delikatny i aromatyczny bigos, znany r\u00f3wnie\u017c jako gulasz my\u015bliwski. To danie \u0142\u0105czy w sobie r\u00f3\u017cne mi\u0119sa i [&hellip;]<\/p>\n","protected":false},"author":1,"featured_media":0,"parent":0,"menu_order":0,"comment_status":"closed","ping_status":"closed","template":"","meta":{"_et_pb_use_builder":"on","_et_pb_old_content":"","_et_gb_content_width":"","footnotes":""},"class_list":["post-772","page","type-page","status-publish","hentry"],"_links":{"self":[{"href":"https:\/\/www.gastroworlds.pl\/pl\/wp-json\/wp\/v2\/pages\/772","targetHints":{"allow":["GET"]}}],"collection":[{"href":"https:\/\/www.gastroworlds.pl\/pl\/wp-json\/wp\/v2\/pages"}],"about":[{"href":"https:\/\/www.gastroworlds.pl\/pl\/wp-json\/wp\/v2\/types\/page"}],"author":[{"embeddable":true,"href":"https:\/\/www.gastroworlds.pl\/pl\/wp-json\/wp\/v2\/users\/1"}],"replies":[{"embeddable":true,"href":"https:\/\/www.gastroworlds.pl\/pl\/wp-json\/wp\/v2\/comments?post=772"}],"version-history":[{"count":0,"href":"https:\/\/www.gastroworlds.pl\/pl\/wp-json\/wp\/v2\/pages\/772\/revisions"}],"wp:attachment":[{"href":"https:\/\/www.gastroworlds.pl\/pl\/wp-json\/wp\/v2\/media?parent=772"}],"curies":[{"name":"wp","href":"https:\/\/api.w.org\/{rel}","templated":true}]}}