{"id":854,"date":"2025-06-20T07:43:23","date_gmt":"2025-06-20T07:43:23","guid":{"rendered":"https:\/\/www.gastroworlds.pl\/?page_id=854"},"modified":"2025-06-20T08:58:52","modified_gmt":"2025-06-20T08:58:52","slug":"food-chemicals","status":"publish","type":"page","link":"https:\/\/www.gastroworlds.pl\/pl\/food-chemicals\/","title":{"rendered":"food chemicals"},"content":{"rendered":"<p>[et_pb_section fb_built=&#8221;1&#8243; admin_label=&#8221;Header&#8221; _builder_version=&#8221;4.27.4&#8243; _module_preset=&#8221;default&#8221; background_enable_color=&#8221;off&#8221; use_background_color_gradient=&#8221;on&#8221; background_color_gradient_stops=&#8221;rgba(0,0,0,0) 0%|rgba(0,0,0,0.43) 100%&#8221; background_color_gradient_overlays_image=&#8221;on&#8221; background_image=&#8221;https:\/\/www.gastroworlds.pl\/wp-content\/uploads\/2025\/06\/1684741772672.jpg&#8221; background_position=&#8221;bottom_center&#8221; background_vertical_offset=&#8221;42%&#8221; custom_margin=&#8221;||1px||false|false&#8221; custom_padding=&#8221;||0px|||&#8221; collapsed=&#8221;on&#8221; global_colors_info=&#8221;{}&#8221;][et_pb_row _builder_version=&#8221;4.27.4&#8243; _module_preset=&#8221;default&#8221; background_color=&#8221;rgba(0,0,0,0.13)&#8221; custom_padding=&#8221;|10px||10px|false|true&#8221; global_colors_info=&#8221;{}&#8221;][et_pb_column type=&#8221;4_4&#8243; _builder_version=&#8221;4.19.2&#8243; _module_preset=&#8221;default&#8221; global_colors_info=&#8221;{}&#8221;][et_pb_text _builder_version=&#8221;4.27.4&#8243; _module_preset=&#8221;0df55d01-3848-46cf-a186-ff6a25bcc783&#8243; header_font=&#8221;||||||||&#8221; header_text_color=&#8221;#FFFFFF&#8221; custom_margin=&#8221;||10px||false|false&#8221; global_colors_info=&#8221;{}&#8221;]<\/p>\n<h1><span>chemikalia spo\u017cywcze<\/span><\/h1>\n<p>[\/et_pb_text][et_pb_text _builder_version=&#8221;4.27.4&#8243; _module_preset=&#8221;b56e0c36-2a99-45a2-bb41-2ddd6ec0b9b2&#8243; text_text_color=&#8221;#FFFFFF&#8221; text_font_size=&#8221;17px&#8221; global_colors_info=&#8221;{}&#8221;]<\/p>\n<p style=\"text-align: justify;\">Marka GASTROWORLD, ceniona za czysto\u015b\u0107 i wydajno\u015b\u0107, jest Twoim niezawodnym partnerem w dostarczaniu najwy\u017cszej jako\u015bci \u015brodk\u00f3w chemicznych przeznaczonych do kontaktu z \u017cywno\u015bci\u0105, dostosowanych do potrzeb sektora gastronomicznego.<\/p>\n<p>[\/et_pb_text][\/et_pb_column][\/et_pb_row][\/et_pb_section][et_pb_section fb_built=&#8221;1&#8243; admin_label=&#8221;About&#8221; _builder_version=&#8221;4.19.2&#8243; _module_preset=&#8221;default&#8221; custom_padding=&#8221;||19px|||&#8221; collapsed=&#8221;on&#8221; global_colors_info=&#8221;{}&#8221;][et_pb_row column_structure=&#8221;2_5,3_5&#8243; _builder_version=&#8221;4.19.2&#8243; _module_preset=&#8221;default&#8221; global_colors_info=&#8221;{}&#8221;][et_pb_column type=&#8221;2_5&#8243; _builder_version=&#8221;4.19.2&#8243; _module_preset=&#8221;default&#8221; global_colors_info=&#8221;{}&#8221;][et_pb_image src=&#8221;https:\/\/www.gastroworlds.pl\/wp-content\/uploads\/2025\/06\/1684741772672.jpg&#8221; title_text=&#8221;1684741772672&#8243; force_fullwidth=&#8221;on&#8221; _builder_version=&#8221;4.27.4&#8243; _module_preset=&#8221;default&#8221; height=&#8221;329px&#8221; global_colors_info=&#8221;{}&#8221;][\/et_pb_image][\/et_pb_column][et_pb_column type=&#8221;3_5&#8243; _builder_version=&#8221;4.19.2&#8243; _module_preset=&#8221;default&#8221; custom_padding=&#8221;30px||30px||true|false&#8221; custom_padding_tablet=&#8221;0px||0px||true|false&#8221; custom_padding_phone=&#8221;0px||0px||true|false&#8221; custom_padding_last_edited=&#8221;on|tablet&#8221; global_colors_info=&#8221;{}&#8221;][et_pb_text _builder_version=&#8221;4.27.4&#8243; _module_preset=&#8221;588d3a35-b8d4-43dc-925d-23ed5b9dccb2&#8243; header_2_font_size=&#8221;33px&#8221; locked=&#8221;off&#8221; global_colors_info=&#8221;{}&#8221;]<\/p>\n<h2>Doskona\u0142o\u015b\u0107 w rozwi\u0105zaniach przemys\u0142owych i agrochemicznych<\/h2>\n<p>[\/et_pb_text][et_pb_text _builder_version=&#8221;4.27.4&#8243; _module_preset=&#8221;b56e0c36-2a99-45a2-bb41-2ddd6ec0b9b2&#8243; text_font=&#8221;&#8211;et_global_body_font||||||||&#8221; locked=&#8221;off&#8221; global_colors_info=&#8221;{}&#8221;]<\/p>\n<p style=\"text-align: justify;\">Za\u0142o\u017cona z jasn\u0105 wizj\u0105 stania si\u0119 liderem w handlu produktami chemicznymi klasy premium, firma GASTROWORLD (Best Chem International Trading Resources SDN. BHD.) jest oddana dostarczaniu rozwi\u0105za\u0144 najwy\u017cszej klasy w r\u00f3\u017cnych bran\u017cach. Skupiaj\u0105c si\u0119 na jako\u015bci i niezawodno\u015bci, obs\u0142ugujemy szerok\u0105 gam\u0119 klient\u00f3w zar\u00f3wno na rynku przemys\u0142owym, jak i agrochemicznym, oferuj\u0105c dostosowane produkty i us\u0142ugi chemiczne, kt\u00f3re spe\u0142niaj\u0105 zmieniaj\u0105ce si\u0119 globalne wymagania.<\/p>\n<p style=\"text-align: justify;\">Nasze zaanga\u017cowanie w doskona\u0142o\u015b\u0107 motywuje nas do ci\u0105g\u0142ego rozszerzania naszego portfolio produkt\u00f3w i zwi\u0119kszania mo\u017cliwo\u015bci naszego \u0142a\u0144cucha dostaw, zapewniaj\u0105c, \u017ce dostarczamy innowacyjne i zr\u00f3wnowa\u017cone rozwi\u0105zania naszym cenionym partnerom na ca\u0142ym \u015bwiecie.<\/p>\n<p>[\/et_pb_text][\/et_pb_column][\/et_pb_row][et_pb_row column_structure=&#8221;1_2,1_2&#8243; _builder_version=&#8221;4.27.4&#8243; _module_preset=&#8221;default&#8221; global_colors_info=&#8221;{}&#8221;][et_pb_column type=&#8221;1_2&#8243; _builder_version=&#8221;4.19.2&#8243; _module_preset=&#8221;default&#8221; custom_padding_tablet=&#8221;||30px||false|false&#8221; custom_padding_phone=&#8221;||30px||false|false&#8221; custom_padding_last_edited=&#8221;on|tablet&#8221; global_colors_info=&#8221;{}&#8221;][et_pb_text _builder_version=&#8221;4.27.4&#8243; _module_preset=&#8221;01c379f8-bc49-44c2-9759-1717c8a09101&#8243; custom_margin=&#8221;||0px||false|false&#8221; global_colors_info=&#8221;{}&#8221;]<\/p>\n<h3>Nasza misja<\/h3>\n<p>[\/et_pb_text][et_pb_text _builder_version=&#8221;4.27.4&#8243; _module_preset=&#8221;8d4ed726-c47f-48a1-af87-e18093fb77ed&#8221; text_font=&#8221;&#8211;et_global_body_font||||||||&#8221; global_colors_info=&#8221;{}&#8221;]<\/p>\n<p style=\"text-align: justify;\">W GASTROWORLD jeste\u015bmy zobowi\u0105zani do dostarczania doskona\u0142ych produkt\u00f3w chemicznych, kt\u00f3re zwi\u0119kszaj\u0105 wydajno\u015b\u0107 przemys\u0142ow\u0105 i wspieraj\u0105 rozw\u00f3j rolnictwa. Nasze niezachwiane oddanie jako\u015bci, innowacjom i zadowoleniu klienta zapewnia, \u017ce \u200b\u200bzapewniamy wyj\u0105tkow\u0105 warto\u015b\u0107 i niezawodne rozwi\u0105zania dostosowane do zmieniaj\u0105cych si\u0119 potrzeb naszych klient\u00f3w.<\/p>\n<p>[\/et_pb_text][\/et_pb_column][et_pb_column type=&#8221;1_2&#8243; _builder_version=&#8221;4.19.2&#8243; _module_preset=&#8221;default&#8221; custom_padding_tablet=&#8221;||30px||false|false&#8221; custom_padding_phone=&#8221;||30px||false|false&#8221; custom_padding_last_edited=&#8221;on|tablet&#8221; global_colors_info=&#8221;{}&#8221;][et_pb_text _builder_version=&#8221;4.27.4&#8243; _module_preset=&#8221;01c379f8-bc49-44c2-9759-1717c8a09101&#8243; custom_margin=&#8221;||0px||false|false&#8221; global_colors_info=&#8221;{}&#8221;]<\/p>\n<h3 class=\"tw-data-text tw-text-large tw-ta\" data-placeholder=\"Translation\" id=\"tw-target-text\" data-ved=\"2ahUKEwj_hc7czP-NAxXqRmwGHfJkHYoQ3ewLegQIChAV\" dir=\"ltr\" aria-label=\"Translated text: Nasza wiedza\"><span class=\"Y2IQFc\" lang=\"pl\">Nasza wiedza<\/span><\/h3>\n<p>[\/et_pb_text][et_pb_text _builder_version=&#8221;4.27.4&#8243; _module_preset=&#8221;8d4ed726-c47f-48a1-af87-e18093fb77ed&#8221; text_font=&#8221;&#8211;et_global_body_font||||||||&#8221; global_colors_info=&#8221;{}&#8221;]<\/p>\n<p style=\"text-align: justify;\">Dzi\u0119ki wieloletniemu do\u015bwiadczeniu w bran\u017cy nasz zesp\u00f3\u0142 wnosi bogactwo wiedzy i do\u015bwiadczenia, aby dostarcza\u0107 dostosowane rozwi\u0105zania chemiczne. Specjalizujemy si\u0119 w szerokiej gamie wysokiej jako\u015bci produkt\u00f3w zaprojektowanych tak, aby spe\u0142nia\u0107 specyficzne potrzeby sektor\u00f3w przemys\u0142owego, rolniczego i spo\u017cywczego. W GASTROWORLD zapewniamy niezawodno\u015b\u0107, wydajno\u015b\u0107 i zgodno\u015b\u0107, wspieraj\u0105c naszych klient\u00f3w odpowiednimi produktami do ka\u017cdego zastosowania.<\/p>\n<p>[\/et_pb_text][\/et_pb_column][\/et_pb_row][et_pb_row _builder_version=&#8221;4.27.4&#8243; _module_preset=&#8221;default&#8221; global_colors_info=&#8221;{}&#8221;][et_pb_column type=&#8221;4_4&#8243; _builder_version=&#8221;4.27.4&#8243; _module_preset=&#8221;default&#8221; global_colors_info=&#8221;{}&#8221;][et_pb_text _builder_version=&#8221;4.27.4&#8243; _module_preset=&#8221;b56e0c36-2a99-45a2-bb41-2ddd6ec0b9b2&#8243; text_font=&#8221;||||||||&#8221; hover_enabled=&#8221;0&#8243; locked=&#8221;off&#8221; global_colors_info=&#8221;{}&#8221; sticky_enabled=&#8221;0&#8243;]<\/p>\n<h2 data-spm-anchor-id=\"a2ty_o01.29997173.0.i44.47d4c921ONS4RG\">NASZE PRODUKTY!<\/h2>\n<p>[\/et_pb_text][\/et_pb_column][\/et_pb_row][et_pb_row column_structure=&#8221;1_2,1_2&#8243; _builder_version=&#8221;4.27.4&#8243; _module_preset=&#8221;default&#8221; custom_padding=&#8221;0px|||||&#8221; global_colors_info=&#8221;{}&#8221;][et_pb_column type=&#8221;1_2&#8243; _builder_version=&#8221;4.19.2&#8243; _module_preset=&#8221;default&#8221; custom_padding_tablet=&#8221;||30px||false|false&#8221; custom_padding_phone=&#8221;||30px||false|false&#8221; custom_padding_last_edited=&#8221;on|tablet&#8221; global_colors_info=&#8221;{}&#8221;][et_pb_text _builder_version=&#8221;4.27.4&#8243; _module_preset=&#8221;01c379f8-bc49-44c2-9759-1717c8a09101&#8243; custom_margin=&#8221;||0px||false|false&#8221; hover_enabled=&#8221;0&#8243; global_colors_info=&#8221;{}&#8221; sticky_enabled=&#8221;0&#8243; text_font=&#8221;&#8211;et_global_body_font||||||||&#8221;]<\/p>\n<h3>Konserwanty<\/h3>\n<p>[\/et_pb_text][et_pb_text _builder_version=&#8221;4.27.4&#8243; _module_preset=&#8221;8d4ed726-c47f-48a1-af87-e18093fb77ed&#8221; hover_enabled=&#8221;0&#8243; global_colors_info=&#8221;{}&#8221; text_font_size=&#8221;16px&#8221; text_font=&#8221;&#8211;et_global_body_font||||||||&#8221; sticky_enabled=&#8221;0&#8243;]<\/p>\n<ul>\n<li class=\"tw-data-text tw-text-large tw-ta\" data-placeholder=\"Translation\" id=\"tw-target-text\" data-ved=\"2ahUKEwj_hc7czP-NAxXqRmwGHfJkHYoQ3ewLegQIChAV\" dir=\"ltr\" aria-label=\"Translated text: Benzoesan sodu Sorbinian potasu Propionian wapnia Azotyny i azotany Kwas sorbowy\"><span class=\"Y2IQFc\" lang=\"pl\">Benzoesan sodu<br \/><\/span><\/li>\n<li class=\"tw-data-text tw-text-large tw-ta\" data-placeholder=\"Translation\" data-ved=\"2ahUKEwj_hc7czP-NAxXqRmwGHfJkHYoQ3ewLegQIChAV\" dir=\"ltr\" aria-label=\"Translated text: Benzoesan sodu Sorbinian potasu Propionian wapnia Azotyny i azotany Kwas sorbowy\"><span class=\"Y2IQFc\" lang=\"pl\">Sorbinian potasu<br \/><\/span><\/li>\n<li class=\"tw-data-text tw-text-large tw-ta\" data-placeholder=\"Translation\" data-ved=\"2ahUKEwj_hc7czP-NAxXqRmwGHfJkHYoQ3ewLegQIChAV\" dir=\"ltr\" aria-label=\"Translated text: Benzoesan sodu Sorbinian potasu Propionian wapnia Azotyny i azotany Kwas sorbowy\"><span class=\"Y2IQFc\" lang=\"pl\">Propionian wapnia<br \/><\/span><\/li>\n<li class=\"tw-data-text tw-text-large tw-ta\" data-placeholder=\"Translation\" data-ved=\"2ahUKEwj_hc7czP-NAxXqRmwGHfJkHYoQ3ewLegQIChAV\" dir=\"ltr\" aria-label=\"Translated text: Benzoesan sodu Sorbinian potasu Propionian wapnia Azotyny i azotany Kwas sorbowy\"><span class=\"Y2IQFc\" lang=\"pl\">Azotyny i azotany<br \/><\/span><\/li>\n<li class=\"tw-data-text tw-text-large tw-ta\" data-placeholder=\"Translation\" data-ved=\"2ahUKEwj_hc7czP-NAxXqRmwGHfJkHYoQ3ewLegQIChAV\" dir=\"ltr\" aria-label=\"Translated text: Benzoesan sodu Sorbinian potasu Propionian wapnia Azotyny i azotany Kwas sorbowy\"><span class=\"Y2IQFc\" lang=\"pl\">Kwas sorbowy<\/span><\/li>\n<\/ul>\n<p>[\/et_pb_text][\/et_pb_column][et_pb_column type=&#8221;1_2&#8243; _builder_version=&#8221;4.19.2&#8243; _module_preset=&#8221;default&#8221; custom_padding_tablet=&#8221;||30px||false|false&#8221; custom_padding_phone=&#8221;||30px||false|false&#8221; custom_padding_last_edited=&#8221;on|tablet&#8221; global_colors_info=&#8221;{}&#8221;][et_pb_text _builder_version=&#8221;4.27.4&#8243; _module_preset=&#8221;01c379f8-bc49-44c2-9759-1717c8a09101&#8243; custom_margin=&#8221;||0px||false|false&#8221; hover_enabled=&#8221;0&#8243; global_colors_info=&#8221;{}&#8221; sticky_enabled=&#8221;0&#8243;]<\/p>\n<h3>S\u0142odziki<\/h3>\n<p>[\/et_pb_text][et_pb_text _builder_version=&#8221;4.27.4&#8243; _module_preset=&#8221;8d4ed726-c47f-48a1-af87-e18093fb77ed&#8221; hover_enabled=&#8221;0&#8243; global_colors_info=&#8221;{}&#8221; text_font=&#8221;&#8211;et_global_body_font||||||||&#8221; text_font_size=&#8221;16px&#8221; sticky_enabled=&#8221;0&#8243;]<\/p>\n<ul>\n<li class=\"tw-data-text tw-text-large tw-ta\" data-placeholder=\"Translation\" data-ved=\"2ahUKEwj_hc7czP-NAxXqRmwGHfJkHYoQ3ewLegQIChAV\" dir=\"ltr\" aria-label=\"Translated text: Aspartam Sukraloza Sacharyna Stewiologlikozydy (Stevia) Sorbitol\"><span class=\"Y2IQFc\" lang=\"pl\">Aspartam<br \/><\/span><\/li>\n<li class=\"tw-data-text tw-text-large tw-ta\" data-placeholder=\"Translation\" data-ved=\"2ahUKEwj_hc7czP-NAxXqRmwGHfJkHYoQ3ewLegQIChAV\" dir=\"ltr\" aria-label=\"Translated text: Aspartam Sukraloza Sacharyna Stewiologlikozydy (Stevia) Sorbitol\"><span class=\"Y2IQFc\" lang=\"pl\">Sukraloza<br \/><\/span><\/li>\n<li class=\"tw-data-text tw-text-large tw-ta\" data-placeholder=\"Translation\" data-ved=\"2ahUKEwj_hc7czP-NAxXqRmwGHfJkHYoQ3ewLegQIChAV\" dir=\"ltr\" aria-label=\"Translated text: Aspartam Sukraloza Sacharyna Stewiologlikozydy (Stevia) Sorbitol\"><span class=\"Y2IQFc\" lang=\"pl\">Sacharyna<br \/><\/span><span class=\"Y2IQFc\" lang=\"pl\"><\/span><\/li>\n<li class=\"tw-data-text tw-text-large tw-ta\" data-placeholder=\"Translation\" data-ved=\"2ahUKEwj_hc7czP-NAxXqRmwGHfJkHYoQ3ewLegQIChAV\" dir=\"ltr\" aria-label=\"Translated text: Aspartam Sukraloza Sacharyna Stewiologlikozydy (Stevia) Sorbitol\"><span class=\"Y2IQFc\" lang=\"pl\">Stewiologlikozydy (Stevia)<br \/><\/span><\/li>\n<li class=\"tw-data-text tw-text-large tw-ta\" data-placeholder=\"Translation\" data-ved=\"2ahUKEwj_hc7czP-NAxXqRmwGHfJkHYoQ3ewLegQIChAV\" dir=\"ltr\" aria-label=\"Translated text: Aspartam Sukraloza Sacharyna Stewiologlikozydy (Stevia) Sorbitol\"><span class=\"Y2IQFc\" lang=\"pl\">Sorbitol<\/span><\/li>\n<\/ul>\n<pre class=\"tw-data-text tw-text-large tw-ta\" data-placeholder=\"Translation\" id=\"tw-target-text\" data-ved=\"2ahUKEwj_hc7czP-NAxXqRmwGHfJkHYoQ3ewLegQIChAV\" dir=\"ltr\" aria-label=\"Translated text: Aspartam Sukraloza Sacharyna Stewiologlikozydy (Stevia) Sorbitol\"><span class=\"Y2IQFc\" lang=\"pl\"><\/span><\/pre>\n<p>[\/et_pb_text][\/et_pb_column][\/et_pb_row][et_pb_row column_structure=&#8221;1_2,1_2&#8243; _builder_version=&#8221;4.27.4&#8243; _module_preset=&#8221;default&#8221; custom_padding=&#8221;0px|||||&#8221; global_colors_info=&#8221;{}&#8221;][et_pb_column type=&#8221;1_2&#8243; _builder_version=&#8221;4.19.2&#8243; _module_preset=&#8221;default&#8221; custom_padding_tablet=&#8221;||30px||false|false&#8221; custom_padding_phone=&#8221;||30px||false|false&#8221; custom_padding_last_edited=&#8221;on|tablet&#8221; global_colors_info=&#8221;{}&#8221;][et_pb_text _builder_version=&#8221;4.27.4&#8243; _module_preset=&#8221;01c379f8-bc49-44c2-9759-1717c8a09101&#8243; custom_margin=&#8221;||0px||false|false&#8221; hover_enabled=&#8221;0&#8243; global_colors_info=&#8221;{}&#8221; sticky_enabled=&#8221;0&#8243;]<\/p>\n<h3>Barwniki<\/h3>\n<p>[\/et_pb_text][et_pb_text _builder_version=&#8221;4.27.4&#8243; _module_preset=&#8221;8d4ed726-c47f-48a1-af87-e18093fb77ed&#8221; hover_enabled=&#8221;0&#8243; global_colors_info=&#8221;{}&#8221; text_font=&#8221;&#8211;et_global_body_font||||||||&#8221; text_font_size=&#8221;16px&#8221; sticky_enabled=&#8221;0&#8243;]<\/p>\n<ul>\n<li>Tartrazyna (\u017c\u00f3\u0142ty nr 5)<\/li>\n<li>\u017b\u00f3\u0142ty zach\u00f3d s\u0142o\u0144ca (\u017c\u00f3\u0142ty nr 6)<\/li>\n<li>Czerwie\u0144 Allura (czerwony nr 40)<\/li>\n<li>BrilliantBlue (niebieski nr 1)<\/li>\n<li>GreenS (zielony nr 3)<\/li>\n<\/ul>\n<p>[\/et_pb_text][\/et_pb_column][et_pb_column type=&#8221;1_2&#8243; _builder_version=&#8221;4.19.2&#8243; _module_preset=&#8221;default&#8221; custom_padding_tablet=&#8221;||30px||false|false&#8221; custom_padding_phone=&#8221;||30px||false|false&#8221; custom_padding_last_edited=&#8221;on|tablet&#8221; global_colors_info=&#8221;{}&#8221;][et_pb_text _builder_version=&#8221;4.27.4&#8243; _module_preset=&#8221;01c379f8-bc49-44c2-9759-1717c8a09101&#8243; custom_margin=&#8221;||0px||false|false&#8221; hover_enabled=&#8221;0&#8243; global_colors_info=&#8221;{}&#8221; sticky_enabled=&#8221;0&#8243;]<\/p>\n<h3>Emulgatory<\/h3>\n<p>[\/et_pb_text][et_pb_text _builder_version=&#8221;4.27.4&#8243; _module_preset=&#8221;8d4ed726-c47f-48a1-af87-e18093fb77ed&#8221; hover_enabled=&#8221;0&#8243; global_colors_info=&#8221;{}&#8221; text_font=&#8221;&#8211;et_global_body_font||||||||&#8221; text_font_size=&#8221;16px&#8221; sticky_enabled=&#8221;0&#8243;]<\/p>\n<ul>\n<li style=\"text-align: justify;\"><span>Lecytyna<\/span><\/li>\n<li style=\"text-align: justify;\">Polisorbaty (np. Polysorbate80)<\/li>\n<li style=\"text-align: justify;\">Mono- i diglicerydy<\/li>\n<li style=\"text-align: justify;\"><span>SodiumStearoylLactylate<\/span><\/li>\n<li style=\"text-align: justify;\"><span>Estry glikolu propylenowego<\/span><\/li>\n<li style=\"text-align: justify;\"><span>Kwas\u00f3w t\u0142uszczowych (PGME)<\/span><\/li>\n<\/ul>\n<p>[\/et_pb_text][\/et_pb_column][\/et_pb_row][et_pb_row column_structure=&#8221;1_2,1_2&#8243; _builder_version=&#8221;4.27.4&#8243; _module_preset=&#8221;default&#8221; custom_padding=&#8221;0px|||||&#8221; global_colors_info=&#8221;{}&#8221;][et_pb_column type=&#8221;1_2&#8243; _builder_version=&#8221;4.19.2&#8243; _module_preset=&#8221;default&#8221; custom_padding_tablet=&#8221;||30px||false|false&#8221; custom_padding_phone=&#8221;||30px||false|false&#8221; custom_padding_last_edited=&#8221;on|tablet&#8221; global_colors_info=&#8221;{}&#8221;][et_pb_text _builder_version=&#8221;4.27.4&#8243; _module_preset=&#8221;01c379f8-bc49-44c2-9759-1717c8a09101&#8243; custom_margin=&#8221;||0px||false|false&#8221; hover_enabled=&#8221;0&#8243; global_colors_info=&#8221;{}&#8221; sticky_enabled=&#8221;0&#8243;]<\/p>\n<h3>Wzmacniacze smaku<\/h3>\n<p>[\/et_pb_text][et_pb_text _builder_version=&#8221;4.27.4&#8243; _module_preset=&#8221;8d4ed726-c47f-48a1-af87-e18093fb77ed&#8221; hover_enabled=&#8221;0&#8243; global_colors_info=&#8221;{}&#8221; text_font=&#8221;&#8211;et_global_body_font||||||||&#8221; text_font_size=&#8221;16px&#8221; sticky_enabled=&#8221;0&#8243;]<\/p>\n<ul>\n<li><span>Glutaminian sodu (MSG) <\/span><\/li>\n<li><span>Inozynian disodowy <\/span><\/li>\n<li><span>Guanylan disodowy <\/span><\/li>\n<li><span>Ekstrakt dro\u017cd\u017cowy<\/span><\/li>\n<li><span> HydrolizedVegetableProtein<\/span><\/li>\n<\/ul>\n<p>[\/et_pb_text][\/et_pb_column][et_pb_column type=&#8221;1_2&#8243; _builder_version=&#8221;4.19.2&#8243; _module_preset=&#8221;default&#8221; custom_padding_tablet=&#8221;||30px||false|false&#8221; custom_padding_phone=&#8221;||30px||false|false&#8221; custom_padding_last_edited=&#8221;on|tablet&#8221; global_colors_info=&#8221;{}&#8221;][et_pb_text _builder_version=&#8221;4.27.4&#8243; _module_preset=&#8221;01c379f8-bc49-44c2-9759-1717c8a09101&#8243; custom_margin=&#8221;||0px||false|false&#8221; hover_enabled=&#8221;0&#8243; global_colors_info=&#8221;{}&#8221; sticky_enabled=&#8221;0&#8243;]<\/p>\n<h3>Zag\u0119szczacze i stabilizatory<\/h3>\n<p>[\/et_pb_text][et_pb_text _builder_version=&#8221;4.27.4&#8243; _module_preset=&#8221;8d4ed726-c47f-48a1-af87-e18093fb77ed&#8221; hover_enabled=&#8221;0&#8243; global_colors_info=&#8221;{}&#8221; text_font=&#8221;&#8211;et_global_body_font||||||||&#8221; text_font_size=&#8221;16px&#8221; sticky_enabled=&#8221;0&#8243;]<\/p>\n<ul>\n<li><span>GuarGum <\/span><\/li>\n<li><span>XanthanGum<\/span><\/li>\n<li><span> Pektyna <\/span><\/li>\n<li><span>Agar-Agar <\/span><\/li>\n<li><span>Karagen<\/span><\/li>\n<\/ul>\n<p>[\/et_pb_text][\/et_pb_column][\/et_pb_row][et_pb_row _builder_version=&#8221;4.27.4&#8243; _module_preset=&#8221;default&#8221; custom_padding=&#8221;0px||0px|||&#8221; global_colors_info=&#8221;{}&#8221;][et_pb_column type=&#8221;4_4&#8243; _builder_version=&#8221;4.19.2&#8243; _module_preset=&#8221;default&#8221; custom_padding=&#8221;30px||30px||true|false&#8221; custom_padding_tablet=&#8221;0px||0px||true|false&#8221; custom_padding_phone=&#8221;0px||0px||true|false&#8221; custom_padding_last_edited=&#8221;on|tablet&#8221; global_colors_info=&#8221;{}&#8221;][et_pb_text _builder_version=&#8221;4.27.4&#8243; _module_preset=&#8221;588d3a35-b8d4-43dc-925d-23ed5b9dccb2&#8243; header_2_font_size=&#8221;33px&#8221; locked=&#8221;off&#8221; global_colors_info=&#8221;{}&#8221;]<\/p>\n<h2><span>Dlaczego warto wybra\u0107 nas?<\/span><\/h2>\n<p>[\/et_pb_text][et_pb_text _builder_version=&#8221;4.27.4&#8243; _module_preset=&#8221;b56e0c36-2a99-45a2-bb41-2ddd6ec0b9b2&#8243; text_font=&#8221;&#8211;et_global_body_font||||||||&#8221; locked=&#8221;off&#8221; global_colors_info=&#8221;{}&#8221;]<\/p>\n<p><strong>Zapewnienie jako\u015bci:<\/strong><br \/>Wsp\u00f3\u0142pracujemy z zaufanymi dostawcami, aby zapewni\u0107, \u017ce wszystkie nasze produkty spe\u0142niaj\u0105 rygorystyczne standardy jako\u015bci, zapewniaj\u0105c niezawodno\u015b\u0107 i wydajno\u015b\u0107 przy ka\u017cdym zam\u00f3wieniu.<\/p>\n<p><strong>Podej\u015bcie zorientowane na klienta:<\/strong><br \/>Zapewniamy spersonalizowane wsparcie i dostosowane rozwi\u0105zania zaprojektowane tak, aby spe\u0142ni\u0107 specyficzne potrzeby Twojej bran\u017cy, zapewniaj\u0105c d\u0142ugoterminow\u0105 satysfakcj\u0119 i sukces.<\/p>\n<p><strong>Globalny zasi\u0119g:<\/strong><br \/>Dzi\u0119ki rozleg\u0142ej sieci dystrybucji skutecznie pozyskujemy i dostarczamy produkty chemiczne klientom na ca\u0142ym \u015bwiecie, wspieraj\u0105c bezproblemow\u0105 dzia\u0142alno\u015b\u0107.<\/p>\n<p><strong>Uczciwo\u015b\u0107 i przejrzysto\u015b\u0107:<\/strong><br \/>Prowadzimy nasz\u0105 dzia\u0142alno\u015b\u0107 zgodnie z najwy\u017cszymi standardami etycznymi, utrzymuj\u0105c jasn\u0105 komunikacj\u0119 i pe\u0142n\u0105 przejrzysto\u015b\u0107 we wszystkich naszych dzia\u0142aniach.<\/p>\n<p>[\/et_pb_text][\/et_pb_column][\/et_pb_row][et_pb_row _builder_version=&#8221;4.27.4&#8243; _module_preset=&#8221;default&#8221; custom_padding=&#8221;0px|||||&#8221; global_colors_info=&#8221;{}&#8221;][et_pb_column type=&#8221;4_4&#8243; _builder_version=&#8221;4.19.2&#8243; _module_preset=&#8221;default&#8221; custom_padding=&#8221;30px||30px||true|false&#8221; custom_padding_tablet=&#8221;0px||0px||true|false&#8221; custom_padding_phone=&#8221;0px||0px||true|false&#8221; custom_padding_last_edited=&#8221;on|tablet&#8221; global_colors_info=&#8221;{}&#8221;][et_pb_text _builder_version=&#8221;4.27.4&#8243; _module_preset=&#8221;588d3a35-b8d4-43dc-925d-23ed5b9dccb2&#8243; header_2_font_size=&#8221;33px&#8221; locked=&#8221;off&#8221; global_colors_info=&#8221;{}&#8221;]<\/p>\n<h2><span>Nasze zaanga\u017cowanie<\/span><\/h2>\n<p>[\/et_pb_text][et_pb_text _builder_version=&#8221;4.27.4&#8243; _module_preset=&#8221;b56e0c36-2a99-45a2-bb41-2ddd6ec0b9b2&#8243; text_font=&#8221;&#8211;et_global_body_font||||||||&#8221; locked=&#8221;off&#8221; global_colors_info=&#8221;{}&#8221;]<\/p>\n<p data-spm-anchor-id=\"a2ty_o01.29997173.0.i11.2f5dc921pREVxM\" style=\"text-align: justify;\">W GASTROWORLD jeste\u015bmy oddani budowaniu d\u0142ugoterminowych relacji z naszymi klientami poprzez konsekwentne dostarczanie doskona\u0142ych produkt\u00f3w i us\u0142ug. Nasze oddanie innowacjom, jako\u015bci i zadowoleniu klienta sprawia, \u017ce \u200b\u200bnie tylko spe\u0142niamy, ale przekraczamy oczekiwania bran\u017cy, zapewniaj\u0105c zaufane partnerstwa, kt\u00f3re rozwijaj\u0105 si\u0119 z czasem.<\/p>\n<p>[\/et_pb_text][\/et_pb_column][\/et_pb_row][\/et_pb_section]<\/p>\n","protected":false},"excerpt":{"rendered":"<p>chemikalia spo\u017cywczeMarka GASTROWORLD, ceniona za czysto\u015b\u0107 i wydajno\u015b\u0107, jest Twoim niezawodnym partnerem w dostarczaniu najwy\u017cszej jako\u015bci \u015brodk\u00f3w chemicznych przeznaczonych do kontaktu z \u017cywno\u015bci\u0105, dostosowanych do potrzeb sektora gastronomicznego.Doskona\u0142o\u015b\u0107 w rozwi\u0105zaniach przemys\u0142owych i agrochemicznychZa\u0142o\u017cona z jasn\u0105 wizj\u0105 stania si\u0119 liderem w handlu produktami chemicznymi klasy premium, firma GASTROWORLD (Best Chem International Trading Resources SDN. BHD.) jest [&hellip;]<\/p>\n","protected":false},"author":1,"featured_media":0,"parent":0,"menu_order":0,"comment_status":"closed","ping_status":"closed","template":"","meta":{"_et_pb_use_builder":"on","_et_pb_old_content":"","_et_gb_content_width":"","footnotes":""},"class_list":["post-854","page","type-page","status-publish","hentry"],"_links":{"self":[{"href":"https:\/\/www.gastroworlds.pl\/pl\/wp-json\/wp\/v2\/pages\/854","targetHints":{"allow":["GET"]}}],"collection":[{"href":"https:\/\/www.gastroworlds.pl\/pl\/wp-json\/wp\/v2\/pages"}],"about":[{"href":"https:\/\/www.gastroworlds.pl\/pl\/wp-json\/wp\/v2\/types\/page"}],"author":[{"embeddable":true,"href":"https:\/\/www.gastroworlds.pl\/pl\/wp-json\/wp\/v2\/users\/1"}],"replies":[{"embeddable":true,"href":"https:\/\/www.gastroworlds.pl\/pl\/wp-json\/wp\/v2\/comments?post=854"}],"version-history":[{"count":35,"href":"https:\/\/www.gastroworlds.pl\/pl\/wp-json\/wp\/v2\/pages\/854\/revisions"}],"predecessor-version":[{"id":905,"href":"https:\/\/www.gastroworlds.pl\/pl\/wp-json\/wp\/v2\/pages\/854\/revisions\/905"}],"wp:attachment":[{"href":"https:\/\/www.gastroworlds.pl\/pl\/wp-json\/wp\/v2\/media?parent=854"}],"curies":[{"name":"wp","href":"https:\/\/api.w.org\/{rel}","templated":true}]}}